{"id":1257,"date":"2021-10-14T10:02:09","date_gmt":"2021-10-14T08:02:09","guid":{"rendered":"https:\/\/www.cursossalvadorbrugues.com\/contacte\/"},"modified":"2022-09-12T17:37:01","modified_gmt":"2022-09-12T15:37:01","slug":"contacte","status":"publish","type":"page","link":"https:\/\/www.cursossalvadorbrugues.com\/ca\/contacte\/","title":{"rendered":"Contacte"},"content":{"rendered":"\t\t<div data-elementor-type=\"wp-page\" data-elementor-id=\"1257\" class=\"elementor elementor-1257 elementor-26\" data-elementor-post-type=\"page\">\n\t\t\t\t\t\t<section class=\"elementor-section elementor-top-section elementor-element elementor-element-29a98e9 elementor-section-full_width elementor-section-height-min-height elementor-section-height-default elementor-section-items-middle\" data-id=\"29a98e9\" data-element_type=\"section\" data-settings=\"{&quot;background_background&quot;:&quot;classic&quot;}\">\n\t\t\t\t\t\t<div class=\"elementor-container elementor-column-gap-default\">\n\t\t\t\t\t<div class=\"elementor-column elementor-col-50 elementor-top-column elementor-element elementor-element-9663371\" data-id=\"9663371\" data-element_type=\"column\" data-settings=\"{&quot;background_background&quot;:&quot;classic&quot;}\">\n\t\t\t<div class=\"elementor-widget-wrap elementor-element-populated\">\n\t\t\t\t\t\t<div class=\"elementor-element elementor-element-fa0d45f elementor-invisible elementor-widget elementor-widget-heading\" data-id=\"fa0d45f\" data-element_type=\"widget\" data-settings=\"{&quot;_animation&quot;:&quot;fadeInLeft&quot;}\" data-widget_type=\"heading.default\">\n\t\t\t\t<div class=\"elementor-widget-container\">\n\t\t\t\t\t<p class=\"elementor-heading-title elementor-size-default\">CONTACTE<\/p>\t\t\t\t<\/div>\n\t\t\t\t<\/div>\n\t\t\t\t\t<\/div>\n\t\t<\/div>\n\t\t\t\t<div class=\"elementor-column elementor-col-50 elementor-top-column elementor-element elementor-element-afa82fa\" data-id=\"afa82fa\" data-element_type=\"column\" data-settings=\"{&quot;background_background&quot;:&quot;classic&quot;}\">\n\t\t\t<div class=\"elementor-widget-wrap elementor-element-populated\">\n\t\t\t\t\t\t<div class=\"elementor-element elementor-element-c71bff0 elementor-invisible elementor-widget elementor-widget-heading\" data-id=\"c71bff0\" data-element_type=\"widget\" data-settings=\"{&quot;motion_fx_motion_fx_mouse&quot;:&quot;yes&quot;,&quot;_animation&quot;:&quot;fadeIn&quot;}\" data-widget_type=\"heading.default\">\n\t\t\t\t<div class=\"elementor-widget-container\">\n\t\t\t\t\t<p class=\"elementor-heading-title elementor-size-default\">INFORMACI\u00d3 DE CONTACTE<\/p>\t\t\t\t<\/div>\n\t\t\t\t<\/div>\n\t\t\t\t<div class=\"elementor-element elementor-element-d51cbd7 elementor-widget elementor-widget-heading\" data-id=\"d51cbd7\" data-element_type=\"widget\" data-widget_type=\"heading.default\">\n\t\t\t\t<div class=\"elementor-widget-container\">\n\t\t\t\t\t<p class=\"elementor-heading-title elementor-size-default\"><a href=\"mailto:info@cursossalvadorbrugues.com\">info@cursossalvadorbrugues.com<\/a><\/p>\t\t\t\t<\/div>\n\t\t\t\t<\/div>\n\t\t\t\t<div class=\"elementor-element elementor-element-c2ab5fa elementor-invisible elementor-widget elementor-widget-heading\" data-id=\"c2ab5fa\" data-element_type=\"widget\" data-settings=\"{&quot;_animation&quot;:&quot;fadeIn&quot;}\" data-widget_type=\"heading.default\">\n\t\t\t\t<div class=\"elementor-widget-container\">\n\t\t\t\t\t<p class=\"elementor-heading-title elementor-size-default\">TENS ALGUN DUBTE?<\/p>\t\t\t\t<\/div>\n\t\t\t\t<\/div>\n\t\t\t\t<div class=\"elementor-element elementor-element-f70703c elementor-button-align-start elementor-widget elementor-widget-form\" data-id=\"f70703c\" data-element_type=\"widget\" data-settings=\"{&quot;step_next_label&quot;:&quot;Next&quot;,&quot;step_previous_label&quot;:&quot;Previous&quot;,&quot;button_width&quot;:&quot;100&quot;,&quot;step_type&quot;:&quot;number_text&quot;,&quot;step_icon_shape&quot;:&quot;circle&quot;}\" data-widget_type=\"form.default\">\n\t\t\t\t<div class=\"elementor-widget-container\">\n\t\t\t\t\t\t\t<form class=\"elementor-form\" method=\"post\" name=\"New Form\" aria-label=\"New Form\">\n\t\t\t<input type=\"hidden\" name=\"post_id\" value=\"1257\"\/>\n\t\t\t<input type=\"hidden\" name=\"form_id\" value=\"f70703c\"\/>\n\t\t\t<input type=\"hidden\" name=\"referer_title\" value=\"Informaci\u00f3 i contacte curs online cuina baixa temperatura de Salvador Brugu\u00e9s\" \/>\n\n\t\t\t\t\t\t\t<input type=\"hidden\" name=\"queried_id\" value=\"1257\"\/>\n\t\t\t\n\t\t\t<div class=\"elementor-form-fields-wrapper elementor-labels-\">\n\t\t\t\t\t\t\t\t<div class=\"elementor-field-type-text elementor-field-group elementor-column elementor-field-group-name elementor-col-100\">\n\t\t\t\t\t\t\t\t\t\t\t\t<label for=\"form-field-name\" class=\"elementor-field-label elementor-screen-only\">\n\t\t\t\t\t\t\t\tName\t\t\t\t\t\t\t<\/label>\n\t\t\t\t\t\t\t\t\t\t\t\t\t\t<input size=\"1\" type=\"text\" name=\"form_fields[name]\" id=\"form-field-name\" class=\"elementor-field elementor-size-sm  elementor-field-textual\" placeholder=\"Nom*\">\n\t\t\t\t\t\t\t\t\t\t\t<\/div>\n\t\t\t\t\t\t\t\t<div class=\"elementor-field-type-email elementor-field-group elementor-column elementor-field-group-email elementor-col-100 elementor-field-required\">\n\t\t\t\t\t\t\t\t\t\t\t\t<label for=\"form-field-email\" class=\"elementor-field-label elementor-screen-only\">\n\t\t\t\t\t\t\t\tEmail\t\t\t\t\t\t\t<\/label>\n\t\t\t\t\t\t\t\t\t\t\t\t\t\t<input size=\"1\" type=\"email\" name=\"form_fields[email]\" id=\"form-field-email\" class=\"elementor-field elementor-size-sm  elementor-field-textual\" placeholder=\"Email*\" required=\"required\">\n\t\t\t\t\t\t\t\t\t\t\t<\/div>\n\t\t\t\t\t\t\t\t<div class=\"elementor-field-type-tel elementor-field-group elementor-column elementor-field-group-field_d0542c1 elementor-col-100\">\n\t\t\t\t\t\t\t\t\t\t\t\t<label for=\"form-field-field_d0542c1\" class=\"elementor-field-label elementor-screen-only\">\n\t\t\t\t\t\t\t\tTel\u00e9fono\t\t\t\t\t\t\t<\/label>\n\t\t\t\t\t\t\t\t<input size=\"1\" type=\"tel\" name=\"form_fields[field_d0542c1]\" id=\"form-field-field_d0542c1\" class=\"elementor-field elementor-size-sm  elementor-field-textual\" placeholder=\"Tel\u00e8fon de contacte*\" pattern=\"[0-9()#&amp;+*-=.]+\" title=\"Only numbers and phone characters (#, -, *, etc) are accepted.\">\n\n\t\t\t\t\t\t<\/div>\n\t\t\t\t\t\t\t\t<div class=\"elementor-field-type-textarea elementor-field-group elementor-column elementor-field-group-message elementor-col-100\">\n\t\t\t\t\t\t\t\t\t\t\t\t<label for=\"form-field-message\" class=\"elementor-field-label elementor-screen-only\">\n\t\t\t\t\t\t\t\tMessage\t\t\t\t\t\t\t<\/label>\n\t\t\t\t\t\t<textarea class=\"elementor-field-textual elementor-field  elementor-size-sm\" name=\"form_fields[message]\" id=\"form-field-message\" rows=\"4\" placeholder=\"Missatge\"><\/textarea>\t\t\t\t<\/div>\n\t\t\t\t\t\t\t\t<div class=\"elementor-field-type-recaptcha_v3 elementor-field-group elementor-column elementor-field-group-field_1fb7ee9 elementor-col-100 recaptcha_v3-bottomright\">\n\t\t\t\t\t<div class=\"elementor-field\" id=\"form-field-field_1fb7ee9\"><div class=\"elementor-g-recaptcha\" data-sitekey=\"6LfCYvIhAAAAAB6V-8NHRvTtjVf3O2q2k_7B87iq\" data-type=\"v3\" data-action=\"Form\" data-badge=\"bottomright\" data-size=\"invisible\"><\/div><\/div>\t\t\t\t<\/div>\n\t\t\t\t\t\t\t\t<div class=\"elementor-field-type-acceptance elementor-field-group elementor-column elementor-field-group-field_624e244 elementor-col-100 elementor-field-required\">\n\t\t\t\t\t\t\t\t\t\t\t\t<label for=\"form-field-field_624e244\" class=\"elementor-field-label elementor-screen-only\">\n\t\t\t\t\t\t\t\tPol\u00edtica\t\t\t\t\t\t\t<\/label>\n\t\t\t\t\t\t\t\t<div class=\"elementor-field-subgroup\">\n\t\t\t<span class=\"elementor-field-option\">\n\t\t\t\t<input type=\"checkbox\" name=\"form_fields[field_624e244]\" id=\"form-field-field_624e244\" class=\"elementor-field elementor-size-sm  elementor-acceptance-field\" required=\"required\">\n\t\t\t\t<label for=\"form-field-field_624e244\">He llegit i accepto la <a href=\"https:\/\/www.cursossalvadorbrugues.com\/politica-de-privacidad\/\" rel=\"noreferrer noopener nofollow\" style=\"color:white;\">pol\u00edtica de privadesa<\/a><\/label>\t\t\t<\/span>\n\t\t<\/div>\n\t\t\t\t\t\t<\/div>\n\t\t\t\t\t\t\t\t<div class=\"elementor-field-group elementor-column elementor-field-type-submit elementor-col-100 e-form__buttons\">\n\t\t\t\t\t<button class=\"elementor-button elementor-size-sm\" type=\"submit\">\n\t\t\t\t\t\t<span class=\"elementor-button-content-wrapper\">\n\t\t\t\t\t\t\t\t\t\t\t\t\t\t\t\t\t\t\t\t\t\t<span class=\"elementor-button-text\">Enviar<\/span>\n\t\t\t\t\t\t\t\t\t\t\t\t\t<\/span>\n\t\t\t\t\t<\/button>\n\t\t\t\t<\/div>\n\t\t\t<\/div>\n\t\t<\/form>\n\t\t\t\t\t\t<\/div>\n\t\t\t\t<\/div>\n\t\t\t\t\t<\/div>\n\t\t<\/div>\n\t\t\t\t\t<\/div>\n\t\t<\/section>\n\t\t\t\t<\/div>\n\t\t","protected":false},"excerpt":{"rendered":"<p>CONTACTE INFORMACI\u00d3 DE CONTACTE info@cursossalvadorbrugues.com TENS ALGUN DUBTE?<\/p>\n","protected":false},"author":1,"featured_media":0,"parent":0,"menu_order":0,"comment_status":"closed","ping_status":"closed","template":"elementor_header_footer","meta":{"inline_featured_image":false,"footnotes":""},"class_list":["post-1257","page","type-page","status-publish","hentry","entry"],"yoast_head":"<!-- This site is optimized with the Yoast SEO plugin v26.6 - https:\/\/yoast.com\/wordpress\/plugins\/seo\/ -->\n<title>Informaci\u00f3 i contacte curs online cuina baixa temperatura de Salvador Brugu\u00e9s<\/title>\n<meta name=\"description\" content=\"Informa&#039;t dels cursos en l\u00ednia de cuina a baixa temperatura de Salvador Brugu\u00e9s i apunta&#039;t per aprendre a cuinar a baixa temperatura.\" \/>\n<meta name=\"robots\" content=\"index, follow, max-snippet:-1, max-image-preview:large, max-video-preview:-1\" \/>\n<link rel=\"canonical\" href=\"https:\/\/www.cursossalvadorbrugues.com\/ca\/contacte\/\" \/>\n<meta property=\"og:locale\" content=\"ca_ES\" \/>\n<meta property=\"og:type\" content=\"article\" \/>\n<meta property=\"og:title\" content=\"Informaci\u00f3 i contacte curs online cuina baixa temperatura de Salvador Brugu\u00e9s\" \/>\n<meta property=\"og:description\" content=\"Informa&#039;t dels cursos en l\u00ednia de cuina a baixa temperatura de Salvador Brugu\u00e9s i apunta&#039;t per aprendre a cuinar a baixa temperatura.\" \/>\n<meta property=\"og:url\" content=\"https:\/\/www.cursossalvadorbrugues.com\/ca\/contacte\/\" \/>\n<meta property=\"og:site_name\" content=\"Cursos Salvador Brugues\" \/>\n<meta property=\"article:modified_time\" content=\"2022-09-12T15:37:01+00:00\" \/>\n<meta name=\"twitter:card\" content=\"summary_large_image\" \/>\n<meta name=\"twitter:label1\" content=\"Temps estimat de lectura\" \/>\n\t<meta name=\"twitter:data1\" content=\"1 minut\" \/>\n<script type=\"application\/ld+json\" class=\"yoast-schema-graph\">{\"@context\":\"https:\/\/schema.org\",\"@graph\":[{\"@type\":\"WebPage\",\"@id\":\"https:\/\/www.cursossalvadorbrugues.com\/ca\/contacte\/\",\"url\":\"https:\/\/www.cursossalvadorbrugues.com\/ca\/contacte\/\",\"name\":\"Informaci\u00f3 i contacte curs online cuina baixa temperatura de Salvador Brugu\u00e9s\",\"isPartOf\":{\"@id\":\"https:\/\/www.cursossalvadorbrugues.com\/ca\/#website\"},\"datePublished\":\"2021-10-14T08:02:09+00:00\",\"dateModified\":\"2022-09-12T15:37:01+00:00\",\"description\":\"Informa't dels cursos en l\u00ednia de cuina a baixa temperatura de Salvador Brugu\u00e9s i apunta't per aprendre a cuinar a baixa temperatura.\",\"breadcrumb\":{\"@id\":\"https:\/\/www.cursossalvadorbrugues.com\/ca\/contacte\/#breadcrumb\"},\"inLanguage\":\"ca\",\"potentialAction\":[{\"@type\":\"ReadAction\",\"target\":[\"https:\/\/www.cursossalvadorbrugues.com\/ca\/contacte\/\"]}]},{\"@type\":\"BreadcrumbList\",\"@id\":\"https:\/\/www.cursossalvadorbrugues.com\/ca\/contacte\/#breadcrumb\",\"itemListElement\":[{\"@type\":\"ListItem\",\"position\":1,\"name\":\"Portada\",\"item\":\"https:\/\/www.cursossalvadorbrugues.com\/ca\/\"},{\"@type\":\"ListItem\",\"position\":2,\"name\":\"Contacte\"}]},{\"@type\":\"WebSite\",\"@id\":\"https:\/\/www.cursossalvadorbrugues.com\/ca\/#website\",\"url\":\"https:\/\/www.cursossalvadorbrugues.com\/ca\/\",\"name\":\"Cursos Salvador Brugues\",\"description\":\"Cursos de Cuina Online amb Salvador Brugues\",\"publisher\":{\"@id\":\"https:\/\/www.cursossalvadorbrugues.com\/ca\/#organization\"},\"potentialAction\":[{\"@type\":\"SearchAction\",\"target\":{\"@type\":\"EntryPoint\",\"urlTemplate\":\"https:\/\/www.cursossalvadorbrugues.com\/ca\/?s={search_term_string}\"},\"query-input\":{\"@type\":\"PropertyValueSpecification\",\"valueRequired\":true,\"valueName\":\"search_term_string\"}}],\"inLanguage\":\"ca\"},{\"@type\":\"Organization\",\"@id\":\"https:\/\/www.cursossalvadorbrugues.com\/ca\/#organization\",\"name\":\"Cursos Salvador Brugu\u00e9s\",\"url\":\"https:\/\/www.cursossalvadorbrugues.com\/ca\/\",\"logo\":{\"@type\":\"ImageObject\",\"inLanguage\":\"ca\",\"@id\":\"https:\/\/www.cursossalvadorbrugues.com\/ca\/#\/schema\/logo\/image\/\",\"url\":\"https:\/\/www.cursossalvadorbrugues.com\/wp-content\/uploads\/2021\/05\/logo-salvador-cursos.svg\",\"contentUrl\":\"https:\/\/www.cursossalvadorbrugues.com\/wp-content\/uploads\/2021\/05\/logo-salvador-cursos.svg\",\"width\":1,\"height\":1,\"caption\":\"Cursos Salvador Brugu\u00e9s\"},\"image\":{\"@id\":\"https:\/\/www.cursossalvadorbrugues.com\/ca\/#\/schema\/logo\/image\/\"}}]}<\/script>\n<!-- \/ Yoast SEO plugin. -->","yoast_head_json":{"title":"Informaci\u00f3 i contacte curs online cuina baixa temperatura de Salvador Brugu\u00e9s","description":"Informa't dels cursos en l\u00ednia de cuina a baixa temperatura de Salvador Brugu\u00e9s i apunta't per aprendre a cuinar a baixa temperatura.","robots":{"index":"index","follow":"follow","max-snippet":"max-snippet:-1","max-image-preview":"max-image-preview:large","max-video-preview":"max-video-preview:-1"},"canonical":"https:\/\/www.cursossalvadorbrugues.com\/ca\/contacte\/","og_locale":"ca_ES","og_type":"article","og_title":"Informaci\u00f3 i contacte curs online cuina baixa temperatura de Salvador Brugu\u00e9s","og_description":"Informa't dels cursos en l\u00ednia de cuina a baixa temperatura de Salvador Brugu\u00e9s i apunta't per aprendre a cuinar a baixa temperatura.","og_url":"https:\/\/www.cursossalvadorbrugues.com\/ca\/contacte\/","og_site_name":"Cursos Salvador Brugues","article_modified_time":"2022-09-12T15:37:01+00:00","twitter_card":"summary_large_image","twitter_misc":{"Temps estimat de lectura":"1 minut"},"schema":{"@context":"https:\/\/schema.org","@graph":[{"@type":"WebPage","@id":"https:\/\/www.cursossalvadorbrugues.com\/ca\/contacte\/","url":"https:\/\/www.cursossalvadorbrugues.com\/ca\/contacte\/","name":"Informaci\u00f3 i contacte curs online cuina baixa temperatura de Salvador Brugu\u00e9s","isPartOf":{"@id":"https:\/\/www.cursossalvadorbrugues.com\/ca\/#website"},"datePublished":"2021-10-14T08:02:09+00:00","dateModified":"2022-09-12T15:37:01+00:00","description":"Informa't dels cursos en l\u00ednia de cuina a baixa temperatura de Salvador Brugu\u00e9s i apunta't per aprendre a cuinar a baixa temperatura.","breadcrumb":{"@id":"https:\/\/www.cursossalvadorbrugues.com\/ca\/contacte\/#breadcrumb"},"inLanguage":"ca","potentialAction":[{"@type":"ReadAction","target":["https:\/\/www.cursossalvadorbrugues.com\/ca\/contacte\/"]}]},{"@type":"BreadcrumbList","@id":"https:\/\/www.cursossalvadorbrugues.com\/ca\/contacte\/#breadcrumb","itemListElement":[{"@type":"ListItem","position":1,"name":"Portada","item":"https:\/\/www.cursossalvadorbrugues.com\/ca\/"},{"@type":"ListItem","position":2,"name":"Contacte"}]},{"@type":"WebSite","@id":"https:\/\/www.cursossalvadorbrugues.com\/ca\/#website","url":"https:\/\/www.cursossalvadorbrugues.com\/ca\/","name":"Cursos Salvador Brugues","description":"Cursos de Cuina Online amb Salvador Brugues","publisher":{"@id":"https:\/\/www.cursossalvadorbrugues.com\/ca\/#organization"},"potentialAction":[{"@type":"SearchAction","target":{"@type":"EntryPoint","urlTemplate":"https:\/\/www.cursossalvadorbrugues.com\/ca\/?s={search_term_string}"},"query-input":{"@type":"PropertyValueSpecification","valueRequired":true,"valueName":"search_term_string"}}],"inLanguage":"ca"},{"@type":"Organization","@id":"https:\/\/www.cursossalvadorbrugues.com\/ca\/#organization","name":"Cursos Salvador Brugu\u00e9s","url":"https:\/\/www.cursossalvadorbrugues.com\/ca\/","logo":{"@type":"ImageObject","inLanguage":"ca","@id":"https:\/\/www.cursossalvadorbrugues.com\/ca\/#\/schema\/logo\/image\/","url":"https:\/\/www.cursossalvadorbrugues.com\/wp-content\/uploads\/2021\/05\/logo-salvador-cursos.svg","contentUrl":"https:\/\/www.cursossalvadorbrugues.com\/wp-content\/uploads\/2021\/05\/logo-salvador-cursos.svg","width":1,"height":1,"caption":"Cursos Salvador Brugu\u00e9s"},"image":{"@id":"https:\/\/www.cursossalvadorbrugues.com\/ca\/#\/schema\/logo\/image\/"}}]}},"_links":{"self":[{"href":"https:\/\/www.cursossalvadorbrugues.com\/ca\/wp-json\/wp\/v2\/pages\/1257","targetHints":{"allow":["GET"]}}],"collection":[{"href":"https:\/\/www.cursossalvadorbrugues.com\/ca\/wp-json\/wp\/v2\/pages"}],"about":[{"href":"https:\/\/www.cursossalvadorbrugues.com\/ca\/wp-json\/wp\/v2\/types\/page"}],"author":[{"embeddable":true,"href":"https:\/\/www.cursossalvadorbrugues.com\/ca\/wp-json\/wp\/v2\/users\/1"}],"replies":[{"embeddable":true,"href":"https:\/\/www.cursossalvadorbrugues.com\/ca\/wp-json\/wp\/v2\/comments?post=1257"}],"version-history":[{"count":7,"href":"https:\/\/www.cursossalvadorbrugues.com\/ca\/wp-json\/wp\/v2\/pages\/1257\/revisions"}],"predecessor-version":[{"id":13169,"href":"https:\/\/www.cursossalvadorbrugues.com\/ca\/wp-json\/wp\/v2\/pages\/1257\/revisions\/13169"}],"wp:attachment":[{"href":"https:\/\/www.cursossalvadorbrugues.com\/ca\/wp-json\/wp\/v2\/media?parent=1257"}],"curies":[{"name":"wp","href":"https:\/\/api.w.org\/{rel}","templated":true}]}}